{"id":45,"date":"2022-03-22T21:21:28","date_gmt":"2022-03-22T20:21:28","guid":{"rendered":"https:\/\/regas.sk\/?page_id=45"},"modified":"2022-04-07T21:03:53","modified_gmt":"2022-04-07T19:03:53","slug":"revizie-plyn","status":"publish","type":"page","link":"http:\/\/regas.sk\/?page_id=45","title":{"rendered":"REV\u00cdZIE PLYN"},"content":{"rendered":"<div class='flex_column av-1w31d-0d3c5a2b6e6bbf7fb9e5680488e42d3b av_one_full  avia-builder-el-0  el_before_av_hr  avia-builder-el-first  first flex_column_div '   ><style type=\"text\/css\" data-created_by=\"avia_inline_auto\" id=\"style-css-av-l13cauj5-81f112f1885d01bbc06130b97105d3f0\">\n.avia-image-container.av-l13cauj5-81f112f1885d01bbc06130b97105d3f0 .av-image-caption-overlay-center{\ncolor:#ffffff;\n}\n<\/style>\n<div  class='avia-image-container av-l13cauj5-81f112f1885d01bbc06130b97105d3f0 av-styling- av-hover-grow av-hide-overflow avia_animated_image avia_animate_when_almost_visible pop-up avia-align-center  avia-builder-el-1  avia-builder-el-no-sibling '  itemprop=\"image\" itemscope=\"itemscope\" itemtype=\"https:\/\/schema.org\/ImageObject\" ><div class=\"avia-image-container-inner\"><div class=\"avia-image-overlay-wrap\"><img decoding=\"async\" class='wp-image-28 avia-img-lazy-loading-not-28 avia_image' src=\"http:\/\/regas.sk\/wp-content\/uploads\/2022\/03\/xkotol-1-e1648718219133.jpg\" alt='' title=''  height=\"507\" width=\"1400\"  itemprop=\"thumbnailUrl\" srcset=\"http:\/\/regas.sk\/wp-content\/uploads\/2022\/03\/xkotol-1-e1648718219133.jpg 1400w, http:\/\/regas.sk\/wp-content\/uploads\/2022\/03\/xkotol-1-e1648718219133-300x109.jpg 300w, http:\/\/regas.sk\/wp-content\/uploads\/2022\/03\/xkotol-1-e1648718219133-1030x373.jpg 1030w, http:\/\/regas.sk\/wp-content\/uploads\/2022\/03\/xkotol-1-e1648718219133-768x278.jpg 768w, http:\/\/regas.sk\/wp-content\/uploads\/2022\/03\/xkotol-1-e1648718219133-705x255.jpg 705w\" sizes=\"(max-width: 1400px) 100vw, 1400px\" \/><\/div><\/div><\/div><\/div><div  class='hr av-1c7lt-039c3d91fc82021a2cc24a9661ef6b8e hr-default  avia-builder-el-2  el_after_av_one_full  el_before_av_two_third '><span class='hr-inner '><span class=\"hr-inner-style\"><\/span><\/span><\/div><\/p>\n<div class='flex_column av-wmc9-f7c174320768a1fb34a1cf27c8b170e0 av_two_third  avia-builder-el-3  el_after_av_hr  el_before_av_one_third  first flex_column_div  av-animated-generic left-to-right '   ><section  class='av_textblock_section av-l12l0wby-f8d680b540014ef5539b0db77b95080e'  itemscope=\"itemscope\" itemtype=\"https:\/\/schema.org\/CreativeWork\" ><div class='avia_textblock'  itemprop=\"text\" ><h4>VYKON\u00c1VAME ODBORN\u00c9 PREHLIADKY A SK\u00da\u0160KY NASLEDOVN\u00ddCH PLYNOV\u00ddCH ZARIADEN\u00cd (m\u00e9dium vykurovacie a technick\u00e9 plyny)<\/h4>\n<\/div><\/section><br \/>\n<div  class='hr av-5ghyd-6b29e5dd8c944d5c584bf0cb8628a2a1 hr-default  avia-builder-el-5  el_after_av_textblock  el_before_av_textblock '><span class='hr-inner '><span class=\"hr-inner-style\"><\/span><\/span><\/div><br \/>\n<section  class='av_textblock_section av-l13ceyhh-ef0e719db11b8bc10be14627292fcccb'  itemscope=\"itemscope\" itemtype=\"https:\/\/schema.org\/CreativeWork\" ><div class='avia_textblock'  itemprop=\"text\" ><p><strong>A. Technick\u00e9 zariadenia plynov\u00e9 skupiny A pod\u013ea druhu s\u00fa zariadenia pracuj\u00face s nebezpe\u010dn\u00fdmi plynmi ur\u010den\u00e9 na<\/strong><br \/>\na) v\u00fdrobu plynu s jednotkov\u00fdm v\u00fdkonom vy\u0161\u0161\u00edm ako 10 Nm 3 \/h vr\u00e1tane zariadenia upravuj\u00faceho zlo\u017eenie plynu na technick\u00e9 hodnoty vy\u017eadovan\u00e9 osobitn\u00fdm predpisom alebo odberate\u013eom,<\/p>\n<p>b) skladovanie plynu s pretlakom plynu do 0,05 MPa vr\u00e1tane s vn\u00fatorn\u00fdm objemom nad 100 m 3 , napr\u00edklad v\u00a0plynojeme a z\u00e1sobn\u00edku,<\/p>\n<p>c) plnenie kovov\u00fdch tlakov\u00fdch n\u00e1dob na dopravu plynov s v\u00fdkonom nad 10 Nm 3 \/h,<\/p>\n<p>d) z\u00e1sobovanie plynom z kovov\u00fdch tlakov\u00fdch n\u00e1dob stabiln\u00fdch alebo z kovov\u00fdch tlakov\u00fdch n\u00e1dob na dopravu plynov (tlakov\u00e1 stanica) s v\u00fdkonom nad 10 Nm 3 \/h,<\/p>\n<p>e) zvy\u0161ovanie tlaku plynu s najvy\u0161\u0161\u00edm pracovn\u00fdm tlakom plynu na v\u00fdstupe vy\u0161\u0161\u00edm ako 0,4 MPa,<\/p>\n<p>f) zni\u017eovanie tlaku plynu s najvy\u0161\u0161\u00edm pracovn\u00fdm tlakom plynu na vstupe vy\u0161\u0161\u00edm ako 0,4 MPa,<\/p>\n<p>g) rozvod plynu s tlakom plynu nad 0,4 MPa a acetyl\u00e9novod,<\/p>\n<p>h) spotrebu plynu spa\u013eovan\u00edm s v\u00fdkonom jednotliv\u00e9ho zariadenia alebo so s\u00fa\u010dtom v\u00fdkonov jednotliv\u00fdch zariaden\u00ed tvoriacich funk\u010dn\u00fd celok nad 0,5 MW vr\u00e1tane zariadenia na v\u00fdrobu ochrann\u00fdch atmosf\u00e9r pri tepelnom sprac\u00favan\u00ed,<\/p>\n<p>i) chladenie a mrazenie s mno\u017estvom plynu na chladenie nad 25 kg.<\/p>\n<\/div><\/section><br \/>\n<section  class='av_textblock_section av-l13chmmn-f59817ec2d945246837d1c64b97306db'  itemscope=\"itemscope\" itemtype=\"https:\/\/schema.org\/CreativeWork\" ><div class='avia_textblock'  itemprop=\"text\" ><p><strong>B. Technick\u00e9 zariadenia plynov\u00e9 skupiny B pod\u013ea druhu s\u00fa zariadenia pracuj\u00face s nebezpe\u010dn\u00fdmi plynmi, ktor\u00e9 s\u00fa ur\u010den\u00e9 na<\/strong><br \/>\na) v\u00fdrobu plynu s jednotkov\u00fdm v\u00fdkonom do 10 Nm 3 \/h vr\u00e1tane,<\/p>\n<p>b) skladovanie plynu s pretlakom plynu do 0,05 MPa vr\u00e1tane s vn\u00fatorn\u00fdm objemom do 100 m 3 , napr\u00edklad v plynojeme a z\u00e1sobn\u00edku,<\/p>\n<p>c) plnenie kovov\u00fdch tlakov\u00fdch n\u00e1dob na dopravu plynu s v\u00fdkonom do 10 Nm 3 \/h vr\u00e1tane,<\/p>\n<p>d) z\u00e1sobovanie plynom z kovov\u00fdch tlakov\u00fdch n\u00e1dob stabiln\u00fdch alebo z kovov\u00fdch tlakov\u00fdch n\u00e1dob na dopravu plynu (tlakov\u00e1 stanica) s v\u00fdkonom do 10 Nm 3 \/h vr\u00e1tane, ak umo\u017e\u0148uj\u00fa pripoji\u0165 viac ako dve f\u013ea\u0161e na dopravu plynov,<\/p>\n<p>e) zvy\u0161ovanie tlaku plynu s najvy\u0161\u0161\u00edm pracovn\u00fdm tlakom plynu na v\u00fdstupe do 0,4 MPa vr\u00e1tane,<\/p>\n<p>f) zni\u017eovanie tlaku plynu s najvy\u0161\u0161\u00edm pracovn\u00fdm tlakom plynu na vstupe do 0,4 MPa vr\u00e1tane s v\u00fdkonom nad 25 Nm3\/h okrem zariaden\u00ed uveden\u00fdch v p\u00edsmene g),<\/p>\n<p>g) rozvod plynu, a to pot rubn\u00e9 vedenie ur\u010den\u00e9 na rozvod plynu vr\u00e1tane regula\u010dn\u00e9ho zariadenia zaraden\u00e9ho do tohto potrubn\u00e9ho vedenia s v\u00fdkonom odbern\u00e9ho plynov\u00e9ho zariadenia do 25 Nm3\/h vr\u00e1tane s najvy\u0161\u0161\u00edm pracovn\u00fdm tlakom plynu na vstupe do 0,4 MPa vr\u00e1tane okrem potrubn\u00e9ho vedenia ur\u010den\u00e9ho na rozvod acetyl\u00e9nu,<\/p>\n<p>h) spotrebu plynu spa\u013eovan\u00edm s v\u00fdkonom jednotliv\u00e9ho zariadenia alebo so s\u00fa\u010dtom v\u00fdkonov jednotliv\u00fdch zariaden\u00ed tvoriacich funk\u010dn\u00fd celok od 5 kW do 0,5 MW vr\u00e1tane zariadenia na v\u00fdrobu ochrann\u00fdch atmosf\u00e9r pri tepelnom sprac\u00favan\u00ed a spotrebi\u010da, pri ktorom sa vy\u017eaduje napojenie na od\u0165ah spal\u00edn<\/p>\n<p>i) chladenie a mrazenie s mno\u017estvom plynu na chladenie od 3 kg do 25 kg vr\u00e1tane.<\/p>\n<\/div><\/section><\/p><\/div>\n<div class='flex_column av-o53d-211d28caee7cc6419276fe37f55ee553 av_one_third  avia-builder-el-8  el_after_av_two_third  el_before_av_hr  flex_column_div '   ><p>\n<style type=\"text\/css\" data-created_by=\"avia_inline_auto\" id=\"style-css-av-l13cql39-fe2fce64bab195e62d12ff3aad7647a4\">\n.avia-image-container.av-l13cql39-fe2fce64bab195e62d12ff3aad7647a4 .av-image-caption-overlay-center{\ncolor:#ffffff;\n}\n<\/style>\n<div  class='avia-image-container av-l13cql39-fe2fce64bab195e62d12ff3aad7647a4 av-styling- av-hover-grow av-hide-overflow avia_animated_image avia_animate_when_almost_visible pop-up avia-align-center  avia-builder-el-9  el_before_av_image  avia-builder-el-first '  itemprop=\"image\" itemscope=\"itemscope\" itemtype=\"https:\/\/schema.org\/ImageObject\" ><div class=\"avia-image-container-inner\"><div class=\"avia-image-overlay-wrap\"><img decoding=\"async\" class='wp-image-31 avia-img-lazy-loading-not-31 avia_image' src=\"http:\/\/regas.sk\/wp-content\/uploads\/2022\/03\/xRS1.jpg\" alt='' title=''  height=\"864\" width=\"648\"  itemprop=\"thumbnailUrl\" srcset=\"http:\/\/regas.sk\/wp-content\/uploads\/2022\/03\/xRS1.jpg 648w, http:\/\/regas.sk\/wp-content\/uploads\/2022\/03\/xRS1-225x300.jpg 225w, http:\/\/regas.sk\/wp-content\/uploads\/2022\/03\/xRS1-529x705.jpg 529w\" sizes=\"(max-width: 648px) 100vw, 648px\" \/><\/div><\/div><\/div><br \/>\n\n<style type=\"text\/css\" data-created_by=\"avia_inline_auto\" id=\"style-css-av-l13cophn-1395a056ef7a1053083899864ecc0be9\">\n.avia-image-container.av-l13cophn-1395a056ef7a1053083899864ecc0be9 .av-image-caption-overlay-center{\ncolor:#ffffff;\n}\n<\/style>\n<div  class='avia-image-container av-l13cophn-1395a056ef7a1053083899864ecc0be9 av-styling- av-hover-grow av-hide-overflow avia_animated_image avia_animate_when_almost_visible pop-up avia-align-center  avia-builder-el-10  el_after_av_image  avia-builder-el-last '  itemprop=\"image\" itemscope=\"itemscope\" itemtype=\"https:\/\/schema.org\/ImageObject\" ><div class=\"avia-image-container-inner\"><div class=\"avia-image-overlay-wrap\"><img decoding=\"async\" class='wp-image-29 avia-img-lazy-loading-not-29 avia_image' src=\"http:\/\/regas.sk\/wp-content\/uploads\/2022\/03\/xkotol-2.jpg\" alt='' title=''  height=\"1200\" width=\"900\"  itemprop=\"thumbnailUrl\" srcset=\"http:\/\/regas.sk\/wp-content\/uploads\/2022\/03\/xkotol-2.jpg 900w, http:\/\/regas.sk\/wp-content\/uploads\/2022\/03\/xkotol-2-225x300.jpg 225w, http:\/\/regas.sk\/wp-content\/uploads\/2022\/03\/xkotol-2-773x1030.jpg 773w, http:\/\/regas.sk\/wp-content\/uploads\/2022\/03\/xkotol-2-768x1024.jpg 768w, http:\/\/regas.sk\/wp-content\/uploads\/2022\/03\/xkotol-2-529x705.jpg 529w\" sizes=\"(max-width: 900px) 100vw, 900px\" \/><\/div><\/div><\/div><\/p><\/div>\n<div  class='hr av-54bol-837b880c7c7490f28692dc5c4059f103 hr-default  avia-builder-el-11  el_after_av_one_third  el_before_av_two_third '><span class='hr-inner '><span class=\"hr-inner-style\"><\/span><\/span><\/div>\n<div class='flex_column av-48ao9-4185cd8033087775e0b8b75a2f8f7c39 av_two_third  avia-builder-el-12  el_after_av_hr  el_before_av_one_third  first flex_column_div  av-animated-generic left-to-right '   ><section  class='av_textblock_section av-l13cly27-1fd398b7e6d985c63016fe4d85b58d42'  itemscope=\"itemscope\" itemtype=\"https:\/\/schema.org\/CreativeWork\" ><div class='avia_textblock'  itemprop=\"text\" ><h5>Vykon\u00e1vame<\/h5>\n<ul>\n<li>\n<h5>opravy a mont\u00e1\u017e plynov\u00fdch zariaden\u00ed<\/h5>\n<\/li>\n<li>\n<h5>odstr\u00e1nenie nedostatkov po rev\u00edzi\u00ed, na plynov\u00fdch zariadeniach<\/h5>\n<\/li>\n<li>\n<h5>mont\u00e1\u017e, kontrola a sk\u00fa\u0161ka detektorov zemn\u00e9ho plynu a CO<\/h5>\n<\/li>\n<\/ul>\n<\/div><\/section><br \/>\n<div  class='hr av-3ozud-ef55084dd9abfc42f61a992d38d09a37 hr-default  avia-builder-el-14  el_after_av_textblock  el_before_av_textblock '><span class='hr-inner '><span class=\"hr-inner-style\"><\/span><\/span><\/div><br \/>\n<section  class='av_textblock_section av-l13d8ifg-481996451cb6249c9f4bf18a77709f96'  itemscope=\"itemscope\" itemtype=\"https:\/\/schema.org\/CreativeWork\" ><div class='avia_textblock'  itemprop=\"text\" ><p>Ceny za vykonan\u00e9 pr\u00e1ce sa stanovuj\u00fa individu\u00e1lne pod\u013ea druhu odbornej prehliadky a sk\u00fa\u0161ky a rozsahu dan\u00e9ho technick\u00e9ho zariadenia. K vypracovaniu cenovej ponuky je v\u00e4\u010d\u0161inou nutn\u00e1 obhliadka zariadenia, ktor\u00fa poskytujeme zdarma.<\/p>\n<p>Zabezpe\u010dujeme vykon\u00e1vanie v\u00fdchodiskov\u00fdch a\u00a0opakovan\u00fdch \u00faradn\u00fdch sk\u00fa\u0161ok s OPO<\/p>\n<\/div><\/section><\/p><\/div>\n<div class='flex_column av-3gc9p-8a71ea5199a283e0d189a8b23431851a av_one_third  avia-builder-el-16  el_after_av_two_third  el_before_av_masonry_gallery  avia-builder-el-last  flex_column_div '   ><style type=\"text\/css\" data-created_by=\"avia_inline_auto\" id=\"style-css-av-2hj6l-d10c8139a78756fe0a42fe60775ed5f0\">\n.avia-image-container.av-2hj6l-d10c8139a78756fe0a42fe60775ed5f0 .av-image-caption-overlay-center{\ncolor:#ffffff;\n}\n<\/style>\n<div  class='avia-image-container av-2hj6l-d10c8139a78756fe0a42fe60775ed5f0 av-styling- av-hover-grow av-hide-overflow avia_animated_image avia_animate_when_almost_visible pop-up avia-align-center  avia-builder-el-17  avia-builder-el-no-sibling '  itemprop=\"image\" itemscope=\"itemscope\" itemtype=\"https:\/\/schema.org\/ImageObject\" ><div class=\"avia-image-container-inner\"><div class=\"avia-image-overlay-wrap\"><img decoding=\"async\" class='wp-image-32 avia-img-lazy-loading-not-32 avia_image' src=\"http:\/\/regas.sk\/wp-content\/uploads\/2022\/03\/xRS2.jpg\" alt='' title=''  height=\"648\" width=\"864\"  itemprop=\"thumbnailUrl\" srcset=\"http:\/\/regas.sk\/wp-content\/uploads\/2022\/03\/xRS2.jpg 864w, http:\/\/regas.sk\/wp-content\/uploads\/2022\/03\/xRS2-300x225.jpg 300w, http:\/\/regas.sk\/wp-content\/uploads\/2022\/03\/xRS2-768x576.jpg 768w, http:\/\/regas.sk\/wp-content\/uploads\/2022\/03\/xRS2-705x529.jpg 705w\" sizes=\"(max-width: 864px) 100vw, 864px\" \/><\/div><\/div><\/div><\/div>\n<div id='av-masonry-1' class='av-masonry av-l1pd5rer-a708190de55cc925eab6d190489d813f noHover av-fixed-size av-large-gap av-hover-overlay- av-masonry-animation-active av-masonry-col-3 av-caption-always av-caption-style- av-masonry-gallery '><div class=\"av-masonry-container isotope av-js-disabled\"><div class='av-masonry-entry isotope-item av-masonry-item-no-image '><\/div><a href=\"http:\/\/regas.sk\/wp-content\/uploads\/2022\/03\/xsnimac.jpg\" data-srcset=\"http:\/\/regas.sk\/wp-content\/uploads\/2022\/03\/xsnimac.jpg 864w, http:\/\/regas.sk\/wp-content\/uploads\/2022\/03\/xsnimac-300x225.jpg 300w, http:\/\/regas.sk\/wp-content\/uploads\/2022\/03\/xsnimac-768x576.jpg 768w, http:\/\/regas.sk\/wp-content\/uploads\/2022\/03\/xsnimac-705x529.jpg 705w\" data-sizes=\"(max-width: 864px) 100vw, 864px\"  aria-label=\"image image with no title\"  id='av-masonry-1-item-34' data-av-masonry-item='34' class='av-masonry-entry isotope-item post-34 attachment type-attachment status-inherit hentry  av-masonry-item-with-image' title=\"\" alt=\"\"   itemprop=\"thumbnailUrl\" ><div class='av-inner-masonry-sizer'><\/div><figure class='av-inner-masonry main_color'><div class=\"av-masonry-outerimage-container\"><div class='av-masonry-image-container' style=\"background-image: url(http:\/\/regas.sk\/wp-content\/uploads\/2022\/03\/xsnimac-705x529.jpg);\"  ><\/div><\/div><\/figure><\/a><!--end av-masonry entry--><a href=\"http:\/\/regas.sk\/wp-content\/uploads\/2022\/03\/xRS3.jpg\" data-srcset=\"http:\/\/regas.sk\/wp-content\/uploads\/2022\/03\/xRS3.jpg 864w, http:\/\/regas.sk\/wp-content\/uploads\/2022\/03\/xRS3-300x225.jpg 300w, http:\/\/regas.sk\/wp-content\/uploads\/2022\/03\/xRS3-768x576.jpg 768w, http:\/\/regas.sk\/wp-content\/uploads\/2022\/03\/xRS3-705x529.jpg 705w\" data-sizes=\"(max-width: 864px) 100vw, 864px\"  aria-label=\"image image with no title\"  id='av-masonry-1-item-33' data-av-masonry-item='33' class='av-masonry-entry isotope-item post-33 attachment type-attachment status-inherit hentry  av-masonry-item-with-image' title=\"\" alt=\"\"   itemprop=\"thumbnailUrl\" ><div class='av-inner-masonry-sizer'><\/div><figure class='av-inner-masonry main_color'><div class=\"av-masonry-outerimage-container\"><div class='av-masonry-image-container' style=\"background-image: url(http:\/\/regas.sk\/wp-content\/uploads\/2022\/03\/xRS3-705x529.jpg);\"  ><\/div><\/div><\/figure><\/a><!--end av-masonry entry--><a href=\"http:\/\/regas.sk\/wp-content\/uploads\/2022\/04\/1649077377108-579x1030.jpg\" data-srcset=\"http:\/\/regas.sk\/wp-content\/uploads\/2022\/04\/1649077377108-579x1030.jpg 579w, http:\/\/regas.sk\/wp-content\/uploads\/2022\/04\/1649077377108-169x300.jpg 169w, http:\/\/regas.sk\/wp-content\/uploads\/2022\/04\/1649077377108-768x1365.jpg 768w, http:\/\/regas.sk\/wp-content\/uploads\/2022\/04\/1649077377108-864x1536.jpg 864w, http:\/\/regas.sk\/wp-content\/uploads\/2022\/04\/1649077377108-844x1500.jpg 844w, http:\/\/regas.sk\/wp-content\/uploads\/2022\/04\/1649077377108-397x705.jpg 397w, http:\/\/regas.sk\/wp-content\/uploads\/2022\/04\/1649077377108.jpg 900w\" data-sizes=\"(max-width: 579px) 100vw, 579px\"  aria-label=\"image image with no title\"  id='av-masonry-1-item-158' data-av-masonry-item='158' class='av-masonry-entry isotope-item post-158 attachment type-attachment status-inherit hentry  av-masonry-item-with-image' title=\"\" alt=\"\"   itemprop=\"thumbnailUrl\" ><div class='av-inner-masonry-sizer'><\/div><figure class='av-inner-masonry main_color'><div class=\"av-masonry-outerimage-container\"><div class='av-masonry-image-container' style=\"background-image: url(http:\/\/regas.sk\/wp-content\/uploads\/2022\/04\/1649077377108-397x705.jpg);\"  ><\/div><\/div><\/figure><\/a><!--end av-masonry entry--><\/div><\/div>\n","protected":false},"excerpt":{"rendered":"","protected":false},"author":1,"featured_media":0,"parent":0,"menu_order":0,"comment_status":"closed","ping_status":"closed","template":"","meta":{"_monsterinsights_skip_tracking":false,"_monsterinsights_sitenote_active":false,"_monsterinsights_sitenote_note":"","_monsterinsights_sitenote_category":0,"footnotes":""},"yoast_head":"<!-- This site is optimized with the Yoast SEO plugin v22.6 - https:\/\/yoast.com\/wordpress\/plugins\/seo\/ -->\n<title>REV\u00cdZIE PLYN - REGAS<\/title>\n<meta name=\"robots\" content=\"index, follow, max-snippet:-1, max-image-preview:large, max-video-preview:-1\" \/>\n<link rel=\"canonical\" href=\"http:\/\/regas.sk\/?page_id=45\" \/>\n<meta property=\"og:locale\" content=\"sk_SK\" \/>\n<meta property=\"og:type\" content=\"article\" \/>\n<meta property=\"og:title\" content=\"REV\u00cdZIE PLYN - REGAS\" \/>\n<meta property=\"og:url\" content=\"http:\/\/regas.sk\/?page_id=45\" \/>\n<meta property=\"og:site_name\" content=\"REGAS\" \/>\n<meta property=\"article:modified_time\" content=\"2022-04-07T19:03:53+00:00\" \/>\n<meta name=\"twitter:card\" content=\"summary_large_image\" \/>\n<meta name=\"twitter:label1\" content=\"Predpokladan\u00fd \u010das \u010d\u00edtania\" \/>\n\t<meta name=\"twitter:data1\" content=\"7 min\u00fat\" \/>\n<script type=\"application\/ld+json\" class=\"yoast-schema-graph\">{\"@context\":\"https:\/\/schema.org\",\"@graph\":[{\"@type\":\"WebPage\",\"@id\":\"http:\/\/regas.sk\/?page_id=45\",\"url\":\"http:\/\/regas.sk\/?page_id=45\",\"name\":\"REV\u00cdZIE PLYN - REGAS\",\"isPartOf\":{\"@id\":\"http:\/\/regas.sk\/#website\"},\"datePublished\":\"2022-03-22T20:21:28+00:00\",\"dateModified\":\"2022-04-07T19:03:53+00:00\",\"breadcrumb\":{\"@id\":\"http:\/\/regas.sk\/?page_id=45#breadcrumb\"},\"inLanguage\":\"sk-SK\",\"potentialAction\":[{\"@type\":\"ReadAction\",\"target\":[\"http:\/\/regas.sk\/?page_id=45\"]}]},{\"@type\":\"BreadcrumbList\",\"@id\":\"http:\/\/regas.sk\/?page_id=45#breadcrumb\",\"itemListElement\":[{\"@type\":\"ListItem\",\"position\":1,\"name\":\"Home\",\"item\":\"http:\/\/regas.sk\/\"},{\"@type\":\"ListItem\",\"position\":2,\"name\":\"REV\u00cdZIE PLYN\"}]},{\"@type\":\"WebSite\",\"@id\":\"http:\/\/regas.sk\/#website\",\"url\":\"http:\/\/regas.sk\/\",\"name\":\"REGAS\",\"description\":\"\",\"potentialAction\":[{\"@type\":\"SearchAction\",\"target\":{\"@type\":\"EntryPoint\",\"urlTemplate\":\"http:\/\/regas.sk\/?s={search_term_string}\"},\"query-input\":\"required name=search_term_string\"}],\"inLanguage\":\"sk-SK\"}]}<\/script>\n<!-- \/ Yoast SEO plugin. -->","yoast_head_json":{"title":"REV\u00cdZIE PLYN - REGAS","robots":{"index":"index","follow":"follow","max-snippet":"max-snippet:-1","max-image-preview":"max-image-preview:large","max-video-preview":"max-video-preview:-1"},"canonical":"http:\/\/regas.sk\/?page_id=45","og_locale":"sk_SK","og_type":"article","og_title":"REV\u00cdZIE PLYN - REGAS","og_url":"http:\/\/regas.sk\/?page_id=45","og_site_name":"REGAS","article_modified_time":"2022-04-07T19:03:53+00:00","twitter_card":"summary_large_image","twitter_misc":{"Predpokladan\u00fd \u010das \u010d\u00edtania":"7 min\u00fat"},"schema":{"@context":"https:\/\/schema.org","@graph":[{"@type":"WebPage","@id":"http:\/\/regas.sk\/?page_id=45","url":"http:\/\/regas.sk\/?page_id=45","name":"REV\u00cdZIE PLYN - REGAS","isPartOf":{"@id":"http:\/\/regas.sk\/#website"},"datePublished":"2022-03-22T20:21:28+00:00","dateModified":"2022-04-07T19:03:53+00:00","breadcrumb":{"@id":"http:\/\/regas.sk\/?page_id=45#breadcrumb"},"inLanguage":"sk-SK","potentialAction":[{"@type":"ReadAction","target":["http:\/\/regas.sk\/?page_id=45"]}]},{"@type":"BreadcrumbList","@id":"http:\/\/regas.sk\/?page_id=45#breadcrumb","itemListElement":[{"@type":"ListItem","position":1,"name":"Home","item":"http:\/\/regas.sk\/"},{"@type":"ListItem","position":2,"name":"REV\u00cdZIE PLYN"}]},{"@type":"WebSite","@id":"http:\/\/regas.sk\/#website","url":"http:\/\/regas.sk\/","name":"REGAS","description":"","potentialAction":[{"@type":"SearchAction","target":{"@type":"EntryPoint","urlTemplate":"http:\/\/regas.sk\/?s={search_term_string}"},"query-input":"required name=search_term_string"}],"inLanguage":"sk-SK"}]}},"_links":{"self":[{"href":"http:\/\/regas.sk\/index.php?rest_route=\/wp\/v2\/pages\/45"}],"collection":[{"href":"http:\/\/regas.sk\/index.php?rest_route=\/wp\/v2\/pages"}],"about":[{"href":"http:\/\/regas.sk\/index.php?rest_route=\/wp\/v2\/types\/page"}],"author":[{"embeddable":true,"href":"http:\/\/regas.sk\/index.php?rest_route=\/wp\/v2\/users\/1"}],"replies":[{"embeddable":true,"href":"http:\/\/regas.sk\/index.php?rest_route=%2Fwp%2Fv2%2Fcomments&post=45"}],"version-history":[{"count":6,"href":"http:\/\/regas.sk\/index.php?rest_route=\/wp\/v2\/pages\/45\/revisions"}],"predecessor-version":[{"id":165,"href":"http:\/\/regas.sk\/index.php?rest_route=\/wp\/v2\/pages\/45\/revisions\/165"}],"wp:attachment":[{"href":"http:\/\/regas.sk\/index.php?rest_route=%2Fwp%2Fv2%2Fmedia&parent=45"}],"curies":[{"name":"wp","href":"https:\/\/api.w.org\/{rel}","templated":true}]}}