{"id":51,"date":"2022-03-22T21:29:30","date_gmt":"2022-03-22T20:29:30","guid":{"rendered":"http:\/\/regas.sk\/?page_id=51"},"modified":"2022-03-31T11:24:54","modified_gmt":"2022-03-31T09:24:54","slug":"tlak","status":"publish","type":"page","link":"http:\/\/regas.sk\/?page_id=51","title":{"rendered":"REV\u00cdZIE TLAK"},"content":{"rendered":"<div class='flex_column av-zorf-f2ad7a335a1efbddba8d599cfd321875 av_three_fourth  avia-builder-el-0  el_before_av_one_fourth  avia-builder-el-first  first flex_column_div  av-animated-generic left-to-right '   ><section  class='av_textblock_section av-l12lb0e6-5257b7d68955e3ed7db35c0bf50719ff'  itemscope=\"itemscope\" itemtype=\"https:\/\/schema.org\/CreativeWork\" ><div class='avia_textblock'  itemprop=\"text\" ><h4><strong>VYKON\u00c1VAME ODBORN\u00c9 PREHLIADKY A SK\u00da\u0160KY NASLEDOVN\u00ddCH TLAKOV\u00ddCH ZARIADEN\u00cd: <\/strong><\/h4>\n<p><strong>A. Technick\u00e9 zariadenia tlakov\u00e9 skupiny A pod\u013ea druhu s\u00fa:<\/strong><\/p>\n<p>b1)\u00a0 tlakov\u00e1 n\u00e1doba stabiln\u00e1, ktor\u00e1 obsahuje nie nebezpe\u010dn\u00e9 plyny, pary alebo kvapaliny s teplotou vy\u0161\u0161ou, ako je ich bod varu pri atmosf\u00e9rickom tlaku (1013,25 hPa) s najvy\u0161\u0161\u00edm pracovn\u00fdm tlakom vy\u0161\u0161\u00edm ako 0,2 MPa, s objemom nad 10 litrov a ktorej s\u00fa\u010din objemu technick\u00e9ho zariadenia tlakov\u00e9ho v litroch a najvy\u0161\u0161ieho pracovn\u00e9ho tlaku v MPa (\u010falej len \u201ebezpe\u010dnostn\u00fd s\u00fa\u010din\u201c) je v\u00e4\u010d\u0161\u00ed ako 20 (200), okrem tlakovej n\u00e1doby, ktor\u00e1 obsahuje r\u00e1dioakt\u00edvne l\u00e1tky;<br \/>\nDo tejto skupiny patr\u00ed aj n\u00e1doba na v\u00fdrobu pary, ktor\u00e1 je s\u00fa\u010das\u0165ou pracovn\u00e9ho prostriedku, ak sp\u013a\u0148a uveden\u00e9 parametre.<\/p>\n<p>b2)\u00a0 tlakov\u00e1 n\u00e1doba stabiln\u00e1, ktor\u00e1 obsahuje nebezpe\u010dn\u00e9 plyny alebo nebezpe\u010dn\u00e9 kvapaliny pri akejko\u013evek teplote, ktorej najvy\u0161\u0161\u00ed dovolen\u00fd tlak je vy\u0161\u0161\u00ed ako 0,05 MPa, s objemom nad 1 liter, a ktorej bezpe\u010dnostn\u00fd s\u00fa\u010din je v\u00e4\u010d\u0161\u00ed ako 5 (50), okrem tlakovej n\u00e1doby, ktor\u00e1 obsahuje r\u00e1dioakt\u00edvne l\u00e1tky;<br \/>\nObjem technick\u00e9ho zariadenia tlakov\u00e9ho je ur\u010den\u00fd ve\u013ekos\u0165ou priestoru vymedzen\u00e9ho stenami nam\u00e1han\u00fdmi vn\u00fatorn\u00fdm alebo vonkaj\u0161\u00edm tlakom pracovnej l\u00e1tky, pri\u010dom objem zabudovan\u00fdch technick\u00fdch zariaden\u00ed, v\u00fdmurovky alebo v\u00fdplne sa neodpo\u010d\u00edtava;<br \/>\nTechnick\u00e9 zariadenie tlakov\u00e9 s viacer\u00fdmi priestormi sa do skupiny zarad\u00ed pod\u013ea priestoru, ktor\u00e9ho parametre patria do najvy\u0161\u0161ej skupiny.<\/p>\n<p><strong>B.\u00a0 Technick\u00e9 zariadenia tlakov\u00e9 skupiny B pod\u013ea druhu s\u00fa:<\/strong><\/p>\n<p>a)\u00a0\u00a0 vykurovan\u00e9 alebo inak vyhrievan\u00e9 zariadenie s rizikom prehriatia ur\u010den\u00e9 na v\u00fdrobu pary s menovit\u00fdm tlakom do 0,05 MPa vr\u00e1tane alebo na ohrev kvapaliny pri teplote ni\u017e\u0161ej, ako je bod varu pri tlaku 0,05 MPa, s menovit\u00fdm tepeln\u00fdm v\u00fdkonom nad 100 kW (V. trieda),<\/p>\n<p>b1)\u00a0 tlakov\u00e1 n\u00e1doba stabiln\u00e1 s najvy\u0161\u0161\u00edm pracovn\u00fdm tlakom vy\u0161\u0161\u00edm ako 0,05 MPa, ktor\u00e1 obsahuje nie nebezpe\u010dn\u00e9 plyny, pary alebo kvapaliny s teplotou vy\u0161\u0161ou, ako je ich bod varu pri tlaku 0,05 MPa, s objemom nad 1 liter a ktor\u00fdch bezpe\u010dnostn\u00fd s\u00fa\u010din je v\u00e4\u010d\u0161\u00ed ako 5 (50);<br \/>\nDo tejto skupiny patr\u00ed aj n\u00e1doba na v\u00fdrobu pary, ktor\u00e1 je s\u00fa\u010das\u0165ou pracovn\u00e9ho prostriedku, ak sp\u013a\u0148a uveden\u00e9 parametre,<\/p>\n<p>b2)\u00a0 tlakov\u00e1 n\u00e1doba stabiln\u00e1 s najvy\u0161\u0161\u00edm pracovn\u00fdm tlakom vy\u0161\u0161\u00edm ako 0,05 MPa, ktor\u00e1 obsahuje nebezpe\u010dn\u00e9 plyny alebo nebezpe\u010dn\u00e9 kvapaliny pri akejko\u013evek teplote, ktor\u00fdch najvy\u0161\u0161\u00ed dovolen\u00fd tlak je vy\u0161\u0161\u00ed ako 0,05 MPa, s objemom nad 1 liter a ktor\u00fdch bezpe\u010dnostn\u00fd s\u00fa\u010din je v\u00e4\u010d\u0161\u00ed ako 2,5 (25),<\/p>\n<p>e2)\u00a0\u00a0 potrubn\u00e9 vedenie s pracovnou l\u00e1tkou vodn\u00e1 para alebo hor\u00faca voda, ktor\u00e9ho s\u00fa\u010din najv\u00e4\u010d\u0161ieho pracovn\u00e9ho tlaku v MPa a menovitej svetlosti potrubia DN je 350 (3 500)\u00a0a v\u00e4\u010d\u0161\u00ed, pri\u010dom menovit\u00e1 svetlos\u0165 potrubia je v\u00e4\u010d\u0161ia ako DN 100, a to bez oh\u013eadu na roz\u0161\u00edren\u00e9 \u010dasti,<\/p>\n<p><strong>C. Technick\u00e9 zariadenia tlakov\u00e9 skupiny C s\u00fa:<\/strong><br \/>\nTechnick\u00e9 zariadenia tlakov\u00e9 nezaraden\u00e9 do skupiny A alebo skupiny B.<\/p>\n<\/div><\/section><br \/>\n<div  class='hr av-1m9hr-7b1c19dea1b93f3e13ed8245501be961 hr-default  avia-builder-el-2  el_after_av_textblock  el_before_av_textblock '><span class='hr-inner '><span class=\"hr-inner-style\"><\/span><\/span><\/div><br \/>\n<section  class='av_textblock_section av-l13eqe8v-6bf118ec94916096a81f2c73270f0977'  itemscope=\"itemscope\" itemtype=\"https:\/\/schema.org\/CreativeWork\" ><div class='avia_textblock'  itemprop=\"text\" ><h4>Vykon\u00e1vame<\/h4>\n<ul>\n<li>\n<h4>opravy a mont\u00e1\u017e tlakov\u00fdch zariaden\u00ed<\/h4>\n<\/li>\n<li>\n<h4>odstr\u00e1nenie nedostatkov po rev\u00edzi\u00ed, na tlakov\u00fdch zariadeniach<\/h4>\n<\/li>\n<\/ul>\n<\/div><\/section><br \/>\n<div  class='hr av-sx8r-a55859dbd58c4ca429dfccd287b8d8e1 hr-default  avia-builder-el-4  el_after_av_textblock  el_before_av_textblock '><span class='hr-inner '><span class=\"hr-inner-style\"><\/span><\/span><\/div><br \/>\n<section  class='av_textblock_section av-l13eqte4-55f5dca9ea05d967e632a50ec3475ea2'  itemscope=\"itemscope\" itemtype=\"https:\/\/schema.org\/CreativeWork\" ><div class='avia_textblock'  itemprop=\"text\" ><p>Ceny za vykonan\u00e9 pr\u00e1ce sa stanovuj\u00fa individu\u00e1lne pod\u013ea druhu odbornej prehliadky a sk\u00fa\u0161ky a rozsahu dan\u00e9ho technick\u00e9ho zariadenia. K vypracovaniu cenovej ponuky je v\u00e4\u010d\u0161inou nutn\u00e1 obhliadka zariadenia, ktor\u00fa poskytujeme zdarma.<\/p>\n<p>Zabezpe\u010dujeme vykon\u00e1vanie v\u00fdchodiskov\u00fdch a\u00a0opakovan\u00fdch \u00faradn\u00fdch sk\u00fa\u0161ok s OPO<\/p>\n<\/div><\/section><\/p><\/div>\n<div class='flex_column av-291xv-5e435b3b50023127d50b916c6b10f9aa av_one_fourth  avia-builder-el-6  el_after_av_three_fourth  avia-builder-el-last  flex_column_div '   ><p>\n<style type=\"text\/css\" data-created_by=\"avia_inline_auto\" id=\"style-css-av-l13erezd-4f43b27fdb674f38c9c50103bdc5d927\">\n.avia-image-container.av-l13erezd-4f43b27fdb674f38c9c50103bdc5d927 .av-image-caption-overlay-center{\ncolor:#ffffff;\n}\n<\/style>\n<div  class='avia-image-container av-l13erezd-4f43b27fdb674f38c9c50103bdc5d927 av-styling- av-hover-grow av-hide-overflow avia_animated_image avia_animate_when_almost_visible pop-up avia-align-center  avia-builder-el-7  el_before_av_image  avia-builder-el-first '  itemprop=\"image\" itemscope=\"itemscope\" itemtype=\"https:\/\/schema.org\/ImageObject\" ><div class=\"avia-image-container-inner\"><div class=\"avia-image-overlay-wrap\"><img decoding=\"async\" class='wp-image-37 avia-img-lazy-loading-not-37 avia_image' src=\"http:\/\/regas.sk\/wp-content\/uploads\/2022\/03\/xTNS3.jpg\" alt='' title=''  height=\"864\" width=\"648\"  itemprop=\"thumbnailUrl\" srcset=\"http:\/\/regas.sk\/wp-content\/uploads\/2022\/03\/xTNS3.jpg 648w, http:\/\/regas.sk\/wp-content\/uploads\/2022\/03\/xTNS3-225x300.jpg 225w, http:\/\/regas.sk\/wp-content\/uploads\/2022\/03\/xTNS3-529x705.jpg 529w\" sizes=\"(max-width: 648px) 100vw, 648px\" \/><\/div><\/div><\/div><br \/>\n\n<style type=\"text\/css\" data-created_by=\"avia_inline_auto\" id=\"style-css-av-l13errrz-9ee8a16687fc6ecdf29394bdef84c590\">\n.avia-image-container.av-l13errrz-9ee8a16687fc6ecdf29394bdef84c590 .av-image-caption-overlay-center{\ncolor:#ffffff;\n}\n<\/style>\n<div  class='avia-image-container av-l13errrz-9ee8a16687fc6ecdf29394bdef84c590 av-styling- av-hover-grow av-hide-overflow avia_animated_image avia_animate_when_almost_visible pop-up avia-align-center  avia-builder-el-8  el_after_av_image  el_before_av_image '  itemprop=\"image\" itemscope=\"itemscope\" itemtype=\"https:\/\/schema.org\/ImageObject\" ><div class=\"avia-image-container-inner\"><div class=\"avia-image-overlay-wrap\"><img decoding=\"async\" class='wp-image-35 avia-img-lazy-loading-not-35 avia_image' src=\"http:\/\/regas.sk\/wp-content\/uploads\/2022\/03\/xTNS1.jpg\" alt='' title=''  height=\"1296\" width=\"972\"  itemprop=\"thumbnailUrl\" srcset=\"http:\/\/regas.sk\/wp-content\/uploads\/2022\/03\/xTNS1.jpg 972w, http:\/\/regas.sk\/wp-content\/uploads\/2022\/03\/xTNS1-225x300.jpg 225w, http:\/\/regas.sk\/wp-content\/uploads\/2022\/03\/xTNS1-773x1030.jpg 773w, http:\/\/regas.sk\/wp-content\/uploads\/2022\/03\/xTNS1-768x1024.jpg 768w, http:\/\/regas.sk\/wp-content\/uploads\/2022\/03\/xTNS1-529x705.jpg 529w\" sizes=\"(max-width: 972px) 100vw, 972px\" \/><\/div><\/div><\/div><br \/>\n\n<style type=\"text\/css\" data-created_by=\"avia_inline_auto\" id=\"style-css-av-l13es27a-e2a93a3b1ee5dfcf6d8f30e0c7a52f00\">\n.avia-image-container.av-l13es27a-e2a93a3b1ee5dfcf6d8f30e0c7a52f00 .av-image-caption-overlay-center{\ncolor:#ffffff;\n}\n<\/style>\n<div  class='avia-image-container av-l13es27a-e2a93a3b1ee5dfcf6d8f30e0c7a52f00 av-styling- av-hover-grow av-hide-overflow avia_animated_image avia_animate_when_almost_visible pop-up avia-align-center  avia-builder-el-9  el_after_av_image  avia-builder-el-last '  itemprop=\"image\" itemscope=\"itemscope\" itemtype=\"https:\/\/schema.org\/ImageObject\" ><div class=\"avia-image-container-inner\"><div class=\"avia-image-overlay-wrap\"><img decoding=\"async\" class='wp-image-36 avia-img-lazy-loading-not-36 avia_image' src=\"http:\/\/regas.sk\/wp-content\/uploads\/2022\/03\/xTNS2.jpg\" alt='' title=''  height=\"648\" width=\"864\"  itemprop=\"thumbnailUrl\" srcset=\"http:\/\/regas.sk\/wp-content\/uploads\/2022\/03\/xTNS2.jpg 864w, http:\/\/regas.sk\/wp-content\/uploads\/2022\/03\/xTNS2-300x225.jpg 300w, http:\/\/regas.sk\/wp-content\/uploads\/2022\/03\/xTNS2-768x576.jpg 768w, http:\/\/regas.sk\/wp-content\/uploads\/2022\/03\/xTNS2-705x529.jpg 705w\" sizes=\"(max-width: 864px) 100vw, 864px\" \/><\/div><\/div><\/div><\/p><\/div>\n","protected":false},"excerpt":{"rendered":"","protected":false},"author":1,"featured_media":0,"parent":0,"menu_order":0,"comment_status":"closed","ping_status":"closed","template":"","meta":{"_monsterinsights_skip_tracking":false,"_monsterinsights_sitenote_active":false,"_monsterinsights_sitenote_note":"","_monsterinsights_sitenote_category":0,"footnotes":""},"yoast_head":"<!-- This site is optimized with the Yoast SEO plugin v22.6 - https:\/\/yoast.com\/wordpress\/plugins\/seo\/ -->\n<title>REV\u00cdZIE TLAK - REGAS<\/title>\n<meta name=\"robots\" content=\"index, follow, max-snippet:-1, max-image-preview:large, max-video-preview:-1\" \/>\n<link rel=\"canonical\" href=\"https:\/\/regas.sk\/?page_id=51\" \/>\n<meta property=\"og:locale\" content=\"sk_SK\" \/>\n<meta property=\"og:type\" content=\"article\" \/>\n<meta property=\"og:title\" content=\"REV\u00cdZIE TLAK - REGAS\" \/>\n<meta property=\"og:url\" content=\"https:\/\/regas.sk\/?page_id=51\" \/>\n<meta property=\"og:site_name\" content=\"REGAS\" \/>\n<meta property=\"article:modified_time\" content=\"2022-03-31T09:24:54+00:00\" \/>\n<meta name=\"twitter:card\" content=\"summary_large_image\" \/>\n<meta name=\"twitter:label1\" content=\"Predpokladan\u00fd \u010das \u010d\u00edtania\" \/>\n\t<meta name=\"twitter:data1\" content=\"5 min\u00fat\" \/>\n<script type=\"application\/ld+json\" class=\"yoast-schema-graph\">{\"@context\":\"https:\/\/schema.org\",\"@graph\":[{\"@type\":\"WebPage\",\"@id\":\"https:\/\/regas.sk\/?page_id=51\",\"url\":\"https:\/\/regas.sk\/?page_id=51\",\"name\":\"REV\u00cdZIE TLAK - REGAS\",\"isPartOf\":{\"@id\":\"https:\/\/regas.sk\/#website\"},\"datePublished\":\"2022-03-22T20:29:30+00:00\",\"dateModified\":\"2022-03-31T09:24:54+00:00\",\"breadcrumb\":{\"@id\":\"https:\/\/regas.sk\/?page_id=51#breadcrumb\"},\"inLanguage\":\"sk-SK\",\"potentialAction\":[{\"@type\":\"ReadAction\",\"target\":[\"https:\/\/regas.sk\/?page_id=51\"]}]},{\"@type\":\"BreadcrumbList\",\"@id\":\"https:\/\/regas.sk\/?page_id=51#breadcrumb\",\"itemListElement\":[{\"@type\":\"ListItem\",\"position\":1,\"name\":\"Home\",\"item\":\"https:\/\/regas.sk\/\"},{\"@type\":\"ListItem\",\"position\":2,\"name\":\"REV\u00cdZIE TLAK\"}]},{\"@type\":\"WebSite\",\"@id\":\"https:\/\/regas.sk\/#website\",\"url\":\"https:\/\/regas.sk\/\",\"name\":\"REGAS\",\"description\":\"\",\"potentialAction\":[{\"@type\":\"SearchAction\",\"target\":{\"@type\":\"EntryPoint\",\"urlTemplate\":\"https:\/\/regas.sk\/?s={search_term_string}\"},\"query-input\":\"required name=search_term_string\"}],\"inLanguage\":\"sk-SK\"}]}<\/script>\n<!-- \/ Yoast SEO plugin. -->","yoast_head_json":{"title":"REV\u00cdZIE TLAK - REGAS","robots":{"index":"index","follow":"follow","max-snippet":"max-snippet:-1","max-image-preview":"max-image-preview:large","max-video-preview":"max-video-preview:-1"},"canonical":"https:\/\/regas.sk\/?page_id=51","og_locale":"sk_SK","og_type":"article","og_title":"REV\u00cdZIE TLAK - REGAS","og_url":"https:\/\/regas.sk\/?page_id=51","og_site_name":"REGAS","article_modified_time":"2022-03-31T09:24:54+00:00","twitter_card":"summary_large_image","twitter_misc":{"Predpokladan\u00fd \u010das \u010d\u00edtania":"5 min\u00fat"},"schema":{"@context":"https:\/\/schema.org","@graph":[{"@type":"WebPage","@id":"https:\/\/regas.sk\/?page_id=51","url":"https:\/\/regas.sk\/?page_id=51","name":"REV\u00cdZIE TLAK - REGAS","isPartOf":{"@id":"https:\/\/regas.sk\/#website"},"datePublished":"2022-03-22T20:29:30+00:00","dateModified":"2022-03-31T09:24:54+00:00","breadcrumb":{"@id":"https:\/\/regas.sk\/?page_id=51#breadcrumb"},"inLanguage":"sk-SK","potentialAction":[{"@type":"ReadAction","target":["https:\/\/regas.sk\/?page_id=51"]}]},{"@type":"BreadcrumbList","@id":"https:\/\/regas.sk\/?page_id=51#breadcrumb","itemListElement":[{"@type":"ListItem","position":1,"name":"Home","item":"https:\/\/regas.sk\/"},{"@type":"ListItem","position":2,"name":"REV\u00cdZIE TLAK"}]},{"@type":"WebSite","@id":"https:\/\/regas.sk\/#website","url":"https:\/\/regas.sk\/","name":"REGAS","description":"","potentialAction":[{"@type":"SearchAction","target":{"@type":"EntryPoint","urlTemplate":"https:\/\/regas.sk\/?s={search_term_string}"},"query-input":"required name=search_term_string"}],"inLanguage":"sk-SK"}]}},"_links":{"self":[{"href":"http:\/\/regas.sk\/index.php?rest_route=\/wp\/v2\/pages\/51"}],"collection":[{"href":"http:\/\/regas.sk\/index.php?rest_route=\/wp\/v2\/pages"}],"about":[{"href":"http:\/\/regas.sk\/index.php?rest_route=\/wp\/v2\/types\/page"}],"author":[{"embeddable":true,"href":"http:\/\/regas.sk\/index.php?rest_route=\/wp\/v2\/users\/1"}],"replies":[{"embeddable":true,"href":"http:\/\/regas.sk\/index.php?rest_route=%2Fwp%2Fv2%2Fcomments&post=51"}],"version-history":[{"count":6,"href":"http:\/\/regas.sk\/index.php?rest_route=\/wp\/v2\/pages\/51\/revisions"}],"predecessor-version":[{"id":147,"href":"http:\/\/regas.sk\/index.php?rest_route=\/wp\/v2\/pages\/51\/revisions\/147"}],"wp:attachment":[{"href":"http:\/\/regas.sk\/index.php?rest_route=%2Fwp%2Fv2%2Fmedia&parent=51"}],"curies":[{"name":"wp","href":"https:\/\/api.w.org\/{rel}","templated":true}]}}