{"id":25,"date":"2022-03-22T20:37:17","date_gmt":"2022-03-22T19:37:17","guid":{"rendered":"https:\/\/regas.sk\/?page_id=25"},"modified":"2022-03-31T16:26:32","modified_gmt":"2022-03-31T14:26:32","slug":"o-nas","status":"publish","type":"page","link":"https:\/\/regas.sk\/","title":{"rendered":"O N\u00c1S"},"content":{"rendered":"<div class='flex_column av-237np-9d0488eae5f3fbc7c0ff8b97cadeadee av_one_full  avia-builder-el-0  el_before_av_one_half  avia-builder-el-first  first flex_column_div '   ><style type=\"text\/css\" data-created_by=\"avia_inline_auto\" id=\"style-css-av-1h67t-3180d6f907cc702856b9872dfc64eda0\">\n.avia-image-container.av-1h67t-3180d6f907cc702856b9872dfc64eda0 .av-image-caption-overlay-center{\ncolor:#ffffff;\n}\n<\/style>\n<div  class='avia-image-container av-1h67t-3180d6f907cc702856b9872dfc64eda0 av-styling- av-hover-grow av-hide-overflow avia-align-center  avia-builder-el-1  avia-builder-el-no-sibling '  itemprop=\"image\" itemscope=\"itemscope\" itemtype=\"https:\/\/schema.org\/ImageObject\" ><div class=\"avia-image-container-inner\"><div class=\"avia-image-overlay-wrap\"><img decoding=\"async\" class='wp-image-150 avia-img-lazy-loading-not-150 avia_image' src=\"https:\/\/regas.sk\/wp-content\/uploads\/2022\/03\/plamen-upraveny-1.jpg\" alt='' title=''  height=\"899\" width=\"2438\"  itemprop=\"thumbnailUrl\" srcset=\"https:\/\/regas.sk\/wp-content\/uploads\/2022\/03\/plamen-upraveny-1.jpg 2438w, https:\/\/regas.sk\/wp-content\/uploads\/2022\/03\/plamen-upraveny-1-300x111.jpg 300w, https:\/\/regas.sk\/wp-content\/uploads\/2022\/03\/plamen-upraveny-1-1030x380.jpg 1030w, https:\/\/regas.sk\/wp-content\/uploads\/2022\/03\/plamen-upraveny-1-768x283.jpg 768w, https:\/\/regas.sk\/wp-content\/uploads\/2022\/03\/plamen-upraveny-1-1536x566.jpg 1536w, https:\/\/regas.sk\/wp-content\/uploads\/2022\/03\/plamen-upraveny-1-2048x755.jpg 2048w, https:\/\/regas.sk\/wp-content\/uploads\/2022\/03\/plamen-upraveny-1-1500x553.jpg 1500w, https:\/\/regas.sk\/wp-content\/uploads\/2022\/03\/plamen-upraveny-1-705x260.jpg 705w\" sizes=\"(max-width: 2438px) 100vw, 2438px\" \/><\/div><\/div><\/div><\/div><div class='flex_column av-15eu5-7603a03aac5a97933888039083065cb2 av_one_half  avia-builder-el-2  el_after_av_one_full  el_before_av_one_half  first flex_column_div  av-animated-generic left-to-right column-top-margin'   ><section  class='av_textblock_section av-l12jr9na-715fada590f9d41b3820ecb95f140c32'  itemscope=\"itemscope\" itemtype=\"https:\/\/schema.org\/CreativeWork\" ><div class='avia_textblock'  itemprop=\"text\" ><p>Za\u010diatok spolo\u010dnosti <strong>REGAS, s.r.o.<\/strong> siaha do roku 2007, kedy bola zalo\u017een\u00e1 pod n\u00e1zvom LAPIS \u2013 Ladislav Pista. V roku 2011 sa spolo\u010dnos\u0165 pretransformovala pod nov\u00fdm n\u00e1zvom REGAS, s.r.o., s rovnak\u00fdm predmetom podnikania.<\/p>\n<\/div><\/section><\/div><\/p>\n<div class='flex_column av-16uzx-5dcee36b026d8dd66df0e61b4a1d432e av_one_half  avia-builder-el-4  el_after_av_one_half  avia-builder-el-last  flex_column_div  av-animated-generic right-to-left column-top-margin'   ><section  class='av_textblock_section av-l13c67v9-c55e0def2813054d94e47832f85e98ed'  itemscope=\"itemscope\" itemtype=\"https:\/\/schema.org\/CreativeWork\" ><div class='avia_textblock'  itemprop=\"text\" ><p>Na\u0161a spolo\u010dnos\u0165 sa zaober\u00e1 odbornou \u010dinnos\u0165ou na vyhraden\u00fdch technick\u00fdch zariadeniach plynov\u00fdch a\u00a0tlakov\u00fdch, v\u00fdkonom odborn\u00fdch prehliadok, odborn\u00fdch sk\u00fa\u0161ok (rev\u00edzi\u00ed), \u0161kolen\u00ed, mont\u00e1\u017eou, \u00fadr\u017ebou a\u00a0servisom, v zmysle z\u00e1kona NR SR \u010d. 124\/2006 Z.z., vyhl\u00e1\u0161ky MPSVaR SR \u010d.508\/2009\u00a0 Z.z.<\/p>\n<\/div><\/section><\/div>\n","protected":false},"excerpt":{"rendered":"","protected":false},"author":1,"featured_media":0,"parent":0,"menu_order":0,"comment_status":"closed","ping_status":"closed","template":"","meta":{"_monsterinsights_skip_tracking":false,"_monsterinsights_sitenote_active":false,"_monsterinsights_sitenote_note":"","_monsterinsights_sitenote_category":0,"footnotes":""},"yoast_head":"<!-- This site is optimized with the Yoast SEO plugin v22.6 - https:\/\/yoast.com\/wordpress\/plugins\/seo\/ -->\n<title>O N\u00c1S - REGAS<\/title>\n<meta name=\"robots\" content=\"index, follow, max-snippet:-1, max-image-preview:large, max-video-preview:-1\" \/>\n<link rel=\"canonical\" href=\"https:\/\/regas.sk\/\" \/>\n<meta property=\"og:locale\" content=\"sk_SK\" \/>\n<meta property=\"og:type\" content=\"article\" \/>\n<meta property=\"og:title\" content=\"O N\u00c1S - REGAS\" \/>\n<meta property=\"og:url\" content=\"https:\/\/regas.sk\/\" \/>\n<meta property=\"og:site_name\" content=\"REGAS\" \/>\n<meta property=\"article:modified_time\" content=\"2022-03-31T14:26:32+00:00\" \/>\n<meta name=\"twitter:card\" content=\"summary_large_image\" \/>\n<meta name=\"twitter:label1\" content=\"Predpokladan\u00fd \u010das \u010d\u00edtania\" \/>\n\t<meta name=\"twitter:data1\" content=\"2 min\u00faty\" \/>\n<script type=\"application\/ld+json\" class=\"yoast-schema-graph\">{\"@context\":\"https:\/\/schema.org\",\"@graph\":[{\"@type\":\"WebPage\",\"@id\":\"https:\/\/regas.sk\/\",\"url\":\"https:\/\/regas.sk\/\",\"name\":\"O N\u00c1S - REGAS\",\"isPartOf\":{\"@id\":\"https:\/\/regas.sk\/#website\"},\"datePublished\":\"2022-03-22T19:37:17+00:00\",\"dateModified\":\"2022-03-31T14:26:32+00:00\",\"breadcrumb\":{\"@id\":\"https:\/\/regas.sk\/#breadcrumb\"},\"inLanguage\":\"sk-SK\",\"potentialAction\":[{\"@type\":\"ReadAction\",\"target\":[\"https:\/\/regas.sk\/\"]}]},{\"@type\":\"BreadcrumbList\",\"@id\":\"https:\/\/regas.sk\/#breadcrumb\",\"itemListElement\":[{\"@type\":\"ListItem\",\"position\":1,\"name\":\"Home\",\"item\":\"https:\/\/regas.sk\/\"},{\"@type\":\"ListItem\",\"position\":2,\"name\":\"O N\u00c1S\"}]},{\"@type\":\"WebSite\",\"@id\":\"https:\/\/regas.sk\/#website\",\"url\":\"https:\/\/regas.sk\/\",\"name\":\"REGAS\",\"description\":\"\",\"potentialAction\":[{\"@type\":\"SearchAction\",\"target\":{\"@type\":\"EntryPoint\",\"urlTemplate\":\"https:\/\/regas.sk\/?s={search_term_string}\"},\"query-input\":\"required name=search_term_string\"}],\"inLanguage\":\"sk-SK\"}]}<\/script>\n<!-- \/ Yoast SEO plugin. -->","yoast_head_json":{"title":"O N\u00c1S - REGAS","robots":{"index":"index","follow":"follow","max-snippet":"max-snippet:-1","max-image-preview":"max-image-preview:large","max-video-preview":"max-video-preview:-1"},"canonical":"https:\/\/regas.sk\/","og_locale":"sk_SK","og_type":"article","og_title":"O N\u00c1S - REGAS","og_url":"https:\/\/regas.sk\/","og_site_name":"REGAS","article_modified_time":"2022-03-31T14:26:32+00:00","twitter_card":"summary_large_image","twitter_misc":{"Predpokladan\u00fd \u010das \u010d\u00edtania":"2 min\u00faty"},"schema":{"@context":"https:\/\/schema.org","@graph":[{"@type":"WebPage","@id":"https:\/\/regas.sk\/","url":"https:\/\/regas.sk\/","name":"O N\u00c1S - REGAS","isPartOf":{"@id":"https:\/\/regas.sk\/#website"},"datePublished":"2022-03-22T19:37:17+00:00","dateModified":"2022-03-31T14:26:32+00:00","breadcrumb":{"@id":"https:\/\/regas.sk\/#breadcrumb"},"inLanguage":"sk-SK","potentialAction":[{"@type":"ReadAction","target":["https:\/\/regas.sk\/"]}]},{"@type":"BreadcrumbList","@id":"https:\/\/regas.sk\/#breadcrumb","itemListElement":[{"@type":"ListItem","position":1,"name":"Home","item":"https:\/\/regas.sk\/"},{"@type":"ListItem","position":2,"name":"O N\u00c1S"}]},{"@type":"WebSite","@id":"https:\/\/regas.sk\/#website","url":"https:\/\/regas.sk\/","name":"REGAS","description":"","potentialAction":[{"@type":"SearchAction","target":{"@type":"EntryPoint","urlTemplate":"https:\/\/regas.sk\/?s={search_term_string}"},"query-input":"required name=search_term_string"}],"inLanguage":"sk-SK"}]}},"_links":{"self":[{"href":"https:\/\/regas.sk\/index.php?rest_route=\/wp\/v2\/pages\/25"}],"collection":[{"href":"https:\/\/regas.sk\/index.php?rest_route=\/wp\/v2\/pages"}],"about":[{"href":"https:\/\/regas.sk\/index.php?rest_route=\/wp\/v2\/types\/page"}],"author":[{"embeddable":true,"href":"https:\/\/regas.sk\/index.php?rest_route=\/wp\/v2\/users\/1"}],"replies":[{"embeddable":true,"href":"https:\/\/regas.sk\/index.php?rest_route=%2Fwp%2Fv2%2Fcomments&post=25"}],"version-history":[{"count":6,"href":"https:\/\/regas.sk\/index.php?rest_route=\/wp\/v2\/pages\/25\/revisions"}],"predecessor-version":[{"id":154,"href":"https:\/\/regas.sk\/index.php?rest_route=\/wp\/v2\/pages\/25\/revisions\/154"}],"wp:attachment":[{"href":"https:\/\/regas.sk\/index.php?rest_route=%2Fwp%2Fv2%2Fmedia&parent=25"}],"curies":[{"name":"wp","href":"https:\/\/api.w.org\/{rel}","templated":true}]}}