{"id":54,"date":"2022-03-22T21:30:56","date_gmt":"2022-03-22T20:30:56","guid":{"rendered":"http:\/\/regas.sk\/?page_id=54"},"modified":"2022-03-26T13:32:45","modified_gmt":"2022-03-26T12:32:45","slug":"skolenia","status":"publish","type":"page","link":"https:\/\/regas.sk\/?page_id=54","title":{"rendered":"\u0160KOLENIA"},"content":{"rendered":"<div class='flex_column av-1f4h2-3bed17ca773f7e6a3bdef3ccd96c49ed av_one_full  avia-builder-el-0  avia-builder-el-no-sibling  first flex_column_div  av-animated-generic left-to-right '   ><section  class='av_textblock_section av-11156-3d3d739a9a245cf0e19645c8ab5081ea'  itemscope=\"itemscope\" itemtype=\"https:\/\/schema.org\/CreativeWork\" ><div class='avia_textblock'  itemprop=\"text\" ><h3>Pon\u00fakame \u0161kolenie os\u00f4b pre obsluhu vyhraden\u00fdch technick\u00fdch zariaden\u00ed plynov\u00fdch :<\/h3>\n<p><strong>B.\u00a0\u00a0 Technick\u00e9 zariadenia plynov\u00e9 skupiny B pod\u013ea druhu s\u00fa zariadenia pracuj\u00face s nebezpe\u010dn\u00fdmi plynmi, ktor\u00e9 s\u00fa ur\u010den\u00e9 na<\/strong><\/p>\n<p>d) z\u00e1sobovanie plynom z kovov\u00fdch tlakov\u00fdch n\u00e1dob stabiln\u00fdch alebo z kovov\u00fdch tlakov\u00fdch n\u00e1dob na dopravu plynu (tlakov\u00e1 stanica) s v\u00fdkonom do 10 Nm 3 \/h vr\u00e1tane, ak umo\u017e\u0148uj\u00fa pripoji\u0165 viac ako dve f\u013ea\u0161e na dopravu plynov,<br \/>\nf) zni\u017eovanie tlaku plynu so vstupn\u00fdm pretlakom plynu do 0,4 MPa vr\u00e1tane s v\u00fdkonom nad 25 Nm 3\/h okrem zariaden\u00ed zahrnut\u00fdch v skupine B p\u00edsm. g),<br \/>\ng) rozvod plynu vr\u00e1tane regula\u010dn\u00e9ho zariadenia na pr\u00edpojke plynu s v\u00fdkonom odbern\u00e9ho plynov\u00e9ho zariadenia do 25Nm 3 \/h vr\u00e1tane so vstupn\u00fdm pretlakom plynu do 0,4 MPa vr\u00e1tane, okrem acetyl\u00e9novodu,<br \/>\nh) spotrebu plynu spa\u013eovan\u00edm s v\u00fdkonom jednotliv\u00e9ho zariadenia alebo so s\u00fa\u010dtom v\u00fdkonov jednotliv\u00fdch zariaden\u00ed tvoriacich funk\u010dn\u00fd celok od 5 kW do 0,5 MW vr\u00e1tane zariadenia na v\u00fdrobu ochrann\u00fdch atmosf\u00e9r pri tepelnom sprac\u00favan\u00ed a spotrebi\u010da, pri ktorom sa vy\u017eaduje napojenie na od\u0165ah spal\u00edn,<\/p>\n<h4>Pon\u00fakame \u0161kolenie os\u00f4b pre obsluhu vyhraden\u00fdch technick\u00fdch zariaden\u00ed tlakov\u00fdch :<\/h4>\n<p><strong>A. Technick\u00e9 zariadenia tlakov\u00e9 skupiny A pod\u013ea druhu s\u00fa:<\/strong><\/p>\n<p>b1)\u00a0 tlakov\u00e1 n\u00e1doba stabiln\u00e1, ktor\u00e1 obsahuje nie nebezpe\u010dn\u00e9 plyny, pary alebo kvapaliny s teplotou vy\u0161\u0161ou, ako je ich bod varu pri atmosf\u00e9rickom tlaku (1013,25 hPa) s najvy\u0161\u0161\u00edm pracovn\u00fdm tlakom vy\u0161\u0161\u00edm ako 0,2 MPa, s objemom nad 10 litrov a ktorej s\u00fa\u010din objemu technick\u00e9ho zariadenia tlakov\u00e9ho v litroch a najvy\u0161\u0161ieho pracovn\u00e9ho tlaku v MPa (\u010falej len \u201ebezpe\u010dnostn\u00fd s\u00fa\u010din\u201c) je v\u00e4\u010d\u0161\u00ed ako 20 (200), okrem tlakovej n\u00e1doby, ktor\u00e1 obsahuje r\u00e1dioakt\u00edvne l\u00e1tky;<br \/>\nDo tejto skupiny patr\u00ed aj n\u00e1doba na v\u00fdrobu pary, ktor\u00e1 je s\u00fa\u010das\u0165ou pracovn\u00e9ho prostriedku, ak sp\u013a\u0148a uveden\u00e9 parametre.<\/p>\n<p><strong>B.\u00a0 Technick\u00e9 zariadenia tlakov\u00e9 skupiny B pod\u013ea druhu s\u00fa:<\/strong><\/p>\n<p>b1)\u00a0 tlakov\u00e1 n\u00e1doba stabiln\u00e1 s najvy\u0161\u0161\u00edm pracovn\u00fdm tlakom vy\u0161\u0161\u00edm ako 0,05 MPa, ktor\u00e1 obsahuje nie nebezpe\u010dn\u00e9 plyny, pary alebo kvapaliny s teplotou vy\u0161\u0161ou, ako je ich bod varu pri tlaku 0,05 MPa, s objemom nad 1 liter a ktor\u00fdch bezpe\u010dnostn\u00fd s\u00fa\u010din je v\u00e4\u010d\u0161\u00ed ako 5 (50);<br \/>\nDo tejto skupiny patr\u00ed aj n\u00e1doba na v\u00fdrobu pary, ktor\u00e1 je s\u00fa\u010das\u0165ou pracovn\u00e9ho prostriedku, ak sp\u013a\u0148a uveden\u00e9 parametre,<\/p>\n<p>b2)\u00a0 tlakov\u00e1 n\u00e1doba stabiln\u00e1 s najvy\u0161\u0161\u00edm pracovn\u00fdm tlakom vy\u0161\u0161\u00edm ako 0,05 MPa, ktor\u00e1 obsahuje nebezpe\u010dn\u00e9 plyny alebo nebezpe\u010dn\u00e9 kvapaliny pri akejko\u013evek teplote, ktor\u00fdch najvy\u0161\u0161\u00ed dovolen\u00fd tlak je vy\u0161\u0161\u00ed ako 0,05 MPa, s objemom nad 1 liter a ktor\u00fdch bezpe\u010dnostn\u00fd s\u00fa\u010din je v\u00e4\u010d\u0161\u00ed ako 2,5 (25),<\/p>\n<h4>Pon\u00fakame \u0161kolenie os\u00f4b pre opravy, mont\u00e1\u017e a servis vyhraden\u00fdch technick\u00fdch zariaden\u00ed plynov\u00fdch :<\/h4>\n<p><strong>B.\u00a0\u00a0 Technick\u00e9 zariadenia plynov\u00e9 skupiny B pod\u013ea druhu s\u00fa zariadenia pracuj\u00face s nebezpe\u010dn\u00fdmi plynmi, ktor\u00e9 s\u00fa ur\u010den\u00e9 na<\/strong><\/p>\n<p>d) z\u00e1sobovanie plynom z kovov\u00fdch tlakov\u00fdch n\u00e1dob stabiln\u00fdch alebo z kovov\u00fdch tlakov\u00fdch n\u00e1dob na dopravu plynu (tlakov\u00e1 stanica) s v\u00fdkonom do 10 Nm 3 \/h vr\u00e1tane, ak umo\u017e\u0148uj\u00fa pripoji\u0165 viac ako dve f\u013ea\u0161e na dopravu plynov,<br \/>\nf) zni\u017eovanie tlaku plynu so vstupn\u00fdm pretlakom plynu do 0,4 MPa vr\u00e1tane s v\u00fdkonom nad 25 Nm 3 \/h okrem zariaden\u00ed zahrnut\u00fdch v skupine B p\u00edsm. g),<br \/>\ng) rozvod plynu vr\u00e1tane regula\u010dn\u00e9ho zariadenia na pr\u00edpojke plynu s v\u00fdkonom odbern\u00e9ho plynov\u00e9ho zariadenia do 25Nm 3 \/h vr\u00e1tane so vstupn\u00fdm pretlakom plynu do 0,4 MPa vr\u00e1tane, okrem acetyl\u00e9novodu,<br \/>\nh) spotrebu plynu spa\u013eovan\u00edm s v\u00fdkonom jednotliv\u00e9ho zariadenia alebo so s\u00fa\u010dtom v\u00fdkonov jednotliv\u00fdch zariaden\u00ed tvoriacich funk\u010dn\u00fd celok od 5 kW do 0,5 MW vr\u00e1tane zariadenia na v\u00fdrobu ochrann\u00fdch atmosf\u00e9r pri tepelnom sprac\u00favan\u00ed a spotrebi\u010da, pri ktorom sa vy\u017eaduje napojenie na od\u0165ah spal\u00edn,<\/p>\n<h4>Pon\u00fakame \u0161kolenie os\u00f4b pre opravy a mont\u00e1\u017e vyhraden\u00fdch technick\u00fdch zariaden\u00ed tlakov\u00fdch :<\/h4>\n<p><strong>A. Technick\u00e9 zariadenia tlakov\u00e9 skupiny A pod\u013ea druhu s\u00fa:<\/strong><\/p>\n<p>b1)\u00a0 tlakov\u00e1 n\u00e1doba stabiln\u00e1, ktor\u00e1 obsahuje nie nebezpe\u010dn\u00e9 plyny, pary alebo kvapaliny s teplotou vy\u0161\u0161ou, ako je ich bod varu pri atmosf\u00e9rickom tlaku (1013,25 hPa) s najvy\u0161\u0161\u00edm pracovn\u00fdm tlakom vy\u0161\u0161\u00edm ako 0,2 MPa, s objemom nad 10 litrov a ktorej s\u00fa\u010din objemu technick\u00e9ho zariadenia tlakov\u00e9ho v litroch a najvy\u0161\u0161ieho pracovn\u00e9ho tlaku v MPa (\u010falej len \u201ebezpe\u010dnostn\u00fd s\u00fa\u010din\u201c) je v\u00e4\u010d\u0161\u00ed ako 20 (200), okrem tlakovej n\u00e1doby, ktor\u00e1 obsahuje r\u00e1dioakt\u00edvne l\u00e1tky;<br \/>\nDo tejto skupiny patr\u00ed aj n\u00e1doba na v\u00fdrobu pary, ktor\u00e1 je s\u00fa\u010das\u0165ou pracovn\u00e9ho prostriedku, ak sp\u013a\u0148a uveden\u00e9 parametre.<\/p>\n<p><strong>B.\u00a0 Technick\u00e9 zariadenia tlakov\u00e9 skupiny B pod\u013ea druhu s\u00fa:<\/strong><\/p>\n<p>b1)\u00a0 tlakov\u00e1 n\u00e1doba stabiln\u00e1 s najvy\u0161\u0161\u00edm pracovn\u00fdm tlakom vy\u0161\u0161\u00edm ako 0,05 MPa, ktor\u00e1 obsahuje nie nebezpe\u010dn\u00e9 plyny, pary alebo kvapaliny s teplotou vy\u0161\u0161ou, ako je ich bod varu pri tlaku 0,05 MPa, s objemom nad 1 liter a ktor\u00fdch bezpe\u010dnostn\u00fd s\u00fa\u010din je v\u00e4\u010d\u0161\u00ed ako 5 (50);<br \/>\nDo tejto skupiny patr\u00ed aj n\u00e1doba na v\u00fdrobu pary, ktor\u00e1 je s\u00fa\u010das\u0165ou pracovn\u00e9ho prostriedku, ak sp\u013a\u0148a uveden\u00e9 parametre,<\/p>\n<p>b2)\u00a0 tlakov\u00e1 n\u00e1doba stabiln\u00e1 s najvy\u0161\u0161\u00edm pracovn\u00fdm tlakom vy\u0161\u0161\u00edm ako 0,05 MPa, ktor\u00e1 obsahuje nebezpe\u010dn\u00e9 plyny alebo nebezpe\u010dn\u00e9 kvapaliny pri akejko\u013evek teplote, ktor\u00fdch najvy\u0161\u0161\u00ed dovolen\u00fd tlak je vy\u0161\u0161\u00ed ako 0,05 MPa, s objemom nad 1 liter a ktor\u00fdch bezpe\u010dnostn\u00fd s\u00fa\u010din je v\u00e4\u010d\u0161\u00ed ako 2,5 (25),<\/p>\n<\/div><\/section><\/div>\n","protected":false},"excerpt":{"rendered":"","protected":false},"author":1,"featured_media":0,"parent":0,"menu_order":0,"comment_status":"closed","ping_status":"closed","template":"","meta":{"_monsterinsights_skip_tracking":false,"_monsterinsights_sitenote_active":false,"_monsterinsights_sitenote_note":"","_monsterinsights_sitenote_category":0,"footnotes":""},"yoast_head":"<!-- This site is optimized with the Yoast SEO plugin v22.6 - https:\/\/yoast.com\/wordpress\/plugins\/seo\/ -->\n<title>\u0160KOLENIA - REGAS<\/title>\n<meta name=\"robots\" content=\"index, follow, max-snippet:-1, max-image-preview:large, max-video-preview:-1\" \/>\n<link rel=\"canonical\" href=\"http:\/\/regas.sk\/?page_id=54\" \/>\n<meta property=\"og:locale\" content=\"sk_SK\" \/>\n<meta property=\"og:type\" content=\"article\" \/>\n<meta property=\"og:title\" content=\"\u0160KOLENIA - REGAS\" \/>\n<meta property=\"og:url\" content=\"http:\/\/regas.sk\/?page_id=54\" \/>\n<meta property=\"og:site_name\" content=\"REGAS\" \/>\n<meta property=\"article:modified_time\" content=\"2022-03-26T12:32:45+00:00\" \/>\n<meta name=\"twitter:card\" content=\"summary_large_image\" \/>\n<meta name=\"twitter:label1\" content=\"Predpokladan\u00fd \u010das \u010d\u00edtania\" \/>\n\t<meta name=\"twitter:data1\" content=\"5 min\u00fat\" \/>\n<script type=\"application\/ld+json\" class=\"yoast-schema-graph\">{\"@context\":\"https:\/\/schema.org\",\"@graph\":[{\"@type\":\"WebPage\",\"@id\":\"http:\/\/regas.sk\/?page_id=54\",\"url\":\"http:\/\/regas.sk\/?page_id=54\",\"name\":\"\u0160KOLENIA - REGAS\",\"isPartOf\":{\"@id\":\"https:\/\/regas.sk\/#website\"},\"datePublished\":\"2022-03-22T20:30:56+00:00\",\"dateModified\":\"2022-03-26T12:32:45+00:00\",\"breadcrumb\":{\"@id\":\"http:\/\/regas.sk\/?page_id=54#breadcrumb\"},\"inLanguage\":\"sk-SK\",\"potentialAction\":[{\"@type\":\"ReadAction\",\"target\":[\"http:\/\/regas.sk\/?page_id=54\"]}]},{\"@type\":\"BreadcrumbList\",\"@id\":\"http:\/\/regas.sk\/?page_id=54#breadcrumb\",\"itemListElement\":[{\"@type\":\"ListItem\",\"position\":1,\"name\":\"Home\",\"item\":\"https:\/\/regas.sk\/\"},{\"@type\":\"ListItem\",\"position\":2,\"name\":\"\u0160KOLENIA\"}]},{\"@type\":\"WebSite\",\"@id\":\"https:\/\/regas.sk\/#website\",\"url\":\"https:\/\/regas.sk\/\",\"name\":\"REGAS\",\"description\":\"\",\"potentialAction\":[{\"@type\":\"SearchAction\",\"target\":{\"@type\":\"EntryPoint\",\"urlTemplate\":\"https:\/\/regas.sk\/?s={search_term_string}\"},\"query-input\":\"required name=search_term_string\"}],\"inLanguage\":\"sk-SK\"}]}<\/script>\n<!-- \/ Yoast SEO plugin. -->","yoast_head_json":{"title":"\u0160KOLENIA - REGAS","robots":{"index":"index","follow":"follow","max-snippet":"max-snippet:-1","max-image-preview":"max-image-preview:large","max-video-preview":"max-video-preview:-1"},"canonical":"http:\/\/regas.sk\/?page_id=54","og_locale":"sk_SK","og_type":"article","og_title":"\u0160KOLENIA - REGAS","og_url":"http:\/\/regas.sk\/?page_id=54","og_site_name":"REGAS","article_modified_time":"2022-03-26T12:32:45+00:00","twitter_card":"summary_large_image","twitter_misc":{"Predpokladan\u00fd \u010das \u010d\u00edtania":"5 min\u00fat"},"schema":{"@context":"https:\/\/schema.org","@graph":[{"@type":"WebPage","@id":"http:\/\/regas.sk\/?page_id=54","url":"http:\/\/regas.sk\/?page_id=54","name":"\u0160KOLENIA - REGAS","isPartOf":{"@id":"https:\/\/regas.sk\/#website"},"datePublished":"2022-03-22T20:30:56+00:00","dateModified":"2022-03-26T12:32:45+00:00","breadcrumb":{"@id":"http:\/\/regas.sk\/?page_id=54#breadcrumb"},"inLanguage":"sk-SK","potentialAction":[{"@type":"ReadAction","target":["http:\/\/regas.sk\/?page_id=54"]}]},{"@type":"BreadcrumbList","@id":"http:\/\/regas.sk\/?page_id=54#breadcrumb","itemListElement":[{"@type":"ListItem","position":1,"name":"Home","item":"https:\/\/regas.sk\/"},{"@type":"ListItem","position":2,"name":"\u0160KOLENIA"}]},{"@type":"WebSite","@id":"https:\/\/regas.sk\/#website","url":"https:\/\/regas.sk\/","name":"REGAS","description":"","potentialAction":[{"@type":"SearchAction","target":{"@type":"EntryPoint","urlTemplate":"https:\/\/regas.sk\/?s={search_term_string}"},"query-input":"required name=search_term_string"}],"inLanguage":"sk-SK"}]}},"_links":{"self":[{"href":"https:\/\/regas.sk\/index.php?rest_route=\/wp\/v2\/pages\/54"}],"collection":[{"href":"https:\/\/regas.sk\/index.php?rest_route=\/wp\/v2\/pages"}],"about":[{"href":"https:\/\/regas.sk\/index.php?rest_route=\/wp\/v2\/types\/page"}],"author":[{"embeddable":true,"href":"https:\/\/regas.sk\/index.php?rest_route=\/wp\/v2\/users\/1"}],"replies":[{"embeddable":true,"href":"https:\/\/regas.sk\/index.php?rest_route=%2Fwp%2Fv2%2Fcomments&post=54"}],"version-history":[{"count":5,"href":"https:\/\/regas.sk\/index.php?rest_route=\/wp\/v2\/pages\/54\/revisions"}],"predecessor-version":[{"id":138,"href":"https:\/\/regas.sk\/index.php?rest_route=\/wp\/v2\/pages\/54\/revisions\/138"}],"wp:attachment":[{"href":"https:\/\/regas.sk\/index.php?rest_route=%2Fwp%2Fv2%2Fmedia&parent=54"}],"curies":[{"name":"wp","href":"https:\/\/api.w.org\/{rel}","templated":true}]}}